{"id":1003,"date":"2023-06-08T12:47:54","date_gmt":"2023-06-08T18:47:54","guid":{"rendered":"https:\/\/www.cantera-residencial.com\/lp\/?page_id=1003"},"modified":"2023-07-21T09:58:33","modified_gmt":"2023-07-21T15:58:33","slug":"aviso-de-privacidad","status":"publish","type":"page","link":"https:\/\/www.cantera-residencial.com\/lp\/aviso-de-privacidad\/","title":{"rendered":"Aviso de Privacidad"},"content":{"rendered":"\t\t<div data-elementor-type=\"wp-page\" data-elementor-id=\"1003\" class=\"elementor elementor-1003\" data-elementor-post-type=\"page\">\n\t\t\t\t\t\t<section class=\"ob-is-breaking-bad elementor-section elementor-top-section elementor-element elementor-element-33db73b elementor-section-boxed elementor-section-height-default elementor-section-height-default\" data-id=\"33db73b\" data-element_type=\"section\" data-e-type=\"section\" data-settings=\"{&quot;_ob_bbad_use_it&quot;:&quot;yes&quot;,&quot;_ob_bbad_sssic_use&quot;:&quot;no&quot;,&quot;_ob_glider_is_slider&quot;:&quot;no&quot;}\">\n\t\t\t\t\t\t<div class=\"elementor-container elementor-column-gap-default\">\n\t\t\t\t\t<div class=\"elementor-column elementor-col-100 elementor-top-column elementor-element elementor-element-57133c8\" data-id=\"57133c8\" data-element_type=\"column\" data-e-type=\"column\" data-settings=\"{&quot;_ob_bbad_is_stalker&quot;:&quot;no&quot;,&quot;_ob_teleporter_use&quot;:false,&quot;_ob_column_hoveranimator&quot;:&quot;no&quot;,&quot;_ob_column_has_pseudo&quot;:&quot;no&quot;}\">\n\t\t\t<div class=\"elementor-widget-wrap elementor-element-populated\">\n\t\t\t\t\t\t<div class=\"elementor-element elementor-element-5665086 ob-harakiri-inherit ob-has-background-overlay elementor-widget elementor-widget-heading\" data-id=\"5665086\" data-element_type=\"widget\" data-e-type=\"widget\" data-settings=\"{&quot;_ob_use_harakiri&quot;:&quot;yes&quot;,&quot;_ob_harakiri_writing_mode&quot;:&quot;inherit&quot;,&quot;_ob_harakiri_text_clip&quot;:&quot;none&quot;,&quot;_ob_perspektive_use&quot;:&quot;no&quot;,&quot;_ob_poopart_use&quot;:&quot;yes&quot;,&quot;_ob_shadough_use&quot;:&quot;no&quot;,&quot;_ob_allow_hoveranimator&quot;:&quot;no&quot;,&quot;_ob_widget_stalker_use&quot;:&quot;no&quot;}\" data-widget_type=\"heading.default\">\n\t\t\t\t<div class=\"elementor-widget-container\">\n\t\t\t\t\t<h1 class=\"elementor-heading-title elementor-size-xl\">Aviso de privacidad<\/h1>\t\t\t\t<\/div>\n\t\t\t\t<\/div>\n\t\t\t\t\t<\/div>\n\t\t<\/div>\n\t\t\t\t\t<\/div>\n\t\t<\/section>\n\t\t\t\t<section class=\"ob-is-breaking-bad elementor-section elementor-top-section elementor-element elementor-element-7e25c71 elementor-section-boxed elementor-section-height-default elementor-section-height-default\" data-id=\"7e25c71\" data-element_type=\"section\" data-e-type=\"section\" data-settings=\"{&quot;_ob_bbad_use_it&quot;:&quot;yes&quot;,&quot;_ob_bbad_sssic_use&quot;:&quot;no&quot;,&quot;_ob_glider_is_slider&quot;:&quot;no&quot;}\">\n\t\t\t\t\t\t<div class=\"elementor-container elementor-column-gap-default\">\n\t\t\t\t\t<div class=\"elementor-column elementor-col-100 elementor-top-column elementor-element elementor-element-e58a947\" data-id=\"e58a947\" data-element_type=\"column\" data-e-type=\"column\" data-settings=\"{&quot;_ob_bbad_is_stalker&quot;:&quot;no&quot;,&quot;_ob_teleporter_use&quot;:false,&quot;_ob_column_hoveranimator&quot;:&quot;no&quot;,&quot;_ob_column_has_pseudo&quot;:&quot;no&quot;}\">\n\t\t\t<div class=\"elementor-widget-wrap elementor-element-populated\">\n\t\t\t\t\t\t<div class=\"elementor-element elementor-element-b87ce64 ob-harakiri-inherit ob-has-background-overlay elementor-widget elementor-widget-text-editor\" data-id=\"b87ce64\" data-element_type=\"widget\" data-e-type=\"widget\" data-settings=\"{&quot;_ob_use_harakiri&quot;:&quot;yes&quot;,&quot;_ob_harakiri_writing_mode&quot;:&quot;inherit&quot;,&quot;_ob_postman_use&quot;:&quot;no&quot;,&quot;_ob_perspektive_use&quot;:&quot;no&quot;,&quot;_ob_poopart_use&quot;:&quot;yes&quot;,&quot;_ob_shadough_use&quot;:&quot;no&quot;,&quot;_ob_allow_hoveranimator&quot;:&quot;no&quot;,&quot;_ob_widget_stalker_use&quot;:&quot;no&quot;}\" data-widget_type=\"text-editor.default\">\n\t\t\t\t<div class=\"elementor-widget-container\">\n\t\t\t\t\t\t\t\t\t<p>En cumplimiento a la Ley Federal de Protecci\u00f3n de Datos Personales en Posesi\u00f3n de los Particulares (en lo sucesivo la \u00abLEY\u00bb, as\u00ed como su Reglamento se emite el presente Aviso de Privacidad en los siguiente t\u00e9rminos: CARZA, S.A.P.I DE C.V., as\u00ed como sus empresas afiliadas y\/o subsidiarias (, la Responsable), establece como su domicilio en la Avenida Vasconcelos No. 799 Poniente, Colonia Centro en San Pedro Garza Garc\u00eda, Nuevo Le\u00f3n, C.P. 66230, hace constar la responsabilidad frente al tratamiento de datos personales observando los principios de licitud, consentimiento, informaci\u00f3n y lealtad.<br \/>Los datos personales podr\u00e1n ser obtenidos directamente por la Responsable o bien por cualquier medio licito, incluyendo visitas a nuestras plataformas y sitios web, fuentes de acceso p\u00fablico, redes sociales, o cualquier medio tecnol\u00f3gico y\/o electr\u00f3nico , referencias de terceras personas, y comprender\u00e1n todos aquellos necesarios para que la Responsable de cumplimiento a la regulaci\u00f3n aplicable emitida por las competentes, mismos que ser\u00e1n revelados por el Titular y ser\u00e1n necesarios para la relaci\u00f3n jur\u00eddica y con la finalidad para que la Responsable pueda ofrecer un producto, generar una base de datos, , as\u00ed el Titular acepta y autoriza a la Responsable a efectuar la transferencia con sus datos personales a terceros para formalizar la relaci\u00f3n jur\u00eddica o de negocios, a efecto de proveerle adecuadamente los servicios y productos que ha solicitado. El tratamiento de datos que realizar\u00e1 la Responsable incluye entre otros nombre, apellidos, domicilio particular, domicilio donde labora, tel\u00e9fono particular, tel\u00e9fono m\u00f3vil, tel\u00e9fono de oficina, correo electr\u00f3nico personal, correo electr\u00f3nico de oficina, edad, sexo, lugar y fecha de nacimiento, Cedula Fiscal que contenga su Registro Federal de Contribuyentes, Clave \u00danica de Registro de Poblaci\u00f3n, N.S.S., saldos de subcuenta de vivienda, puntuaci\u00f3n de Infonavit, Afore, estado civil, r\u00e9gimen conyugal, ocupaci\u00f3n, profesi\u00f3n, nombre del c\u00f3nyuge (en su caso), comprobante de domicilio, identificaci\u00f3n oficial vigente (Cedula Profesional, Credencial para Votar, y\/o Pasaporte), referencia familiar, referencia personal, as\u00ed como los recibos de n\u00f3mina (monto de salario, puesto, nombre de la empresa donde labora, antig\u00fcedad) Informaci\u00f3n Bancaria (estados de cuenta) en caso de persona moral las escrituras p\u00fablicas que acrediten la existencia y subsistencia de la sociedad y del representante legal, etc. Manifestando que no se le pedir\u00e1n datos personales catalogados como sensibles seg\u00fan la Ley Federal de Protecci\u00f3n de Datos Personales en Posesi\u00f3n de los Particulares. Para ejercitar sus derechos de acceder, rectificar y cancelar sus datos personales, as\u00ed como de oponerse al tratamiento de los mismos o revocar el consentimiento que para tal fin nos haya otorgado, lo podr\u00e1 realizar de manera personal ante el responsable en el domicilio se\u00f1alado con antelaci\u00f3n, o bien a trav\u00e9s de la cuenta de correo electr\u00f3nico servicioalcliente@carza.com y\/o o visitar nuestra p\u00e1gina de Internet www.carza.com.<br \/>La Responsable se obliga a tratar los datos revelados por el Titular en cumplimiento a lo se\u00f1alado en la Ley Federal de Protecci\u00f3n de Datos Personales en Posesi\u00f3n de los Particulares y su reglamento, aplicando las medidas f\u00edsicas y tecnol\u00f3gicas necesarias a fin de salvaguardar la integridad de los datos revelados.<\/p><p>CARZA, S.A.P.I. DE C.V. podr\u00e1 modificar el presente aviso de privacidad de acuerdo con las disposiciones aplicables a la materia. El presente aviso de privacidad y los cambios que se le realicen, se podr\u00e1n consultar en la p\u00e1gina de CARZA www.carza.com.<br \/>Se entender\u00e1 que ha otorgado su consentimiento si usted no manifiesta su oposici\u00f3n para que sus datos personales sean transferidos al presentarle el presente aviso de privacidad. Cualquier modificaci\u00f3n al presente aviso de privacidad podr\u00e1 manifestarlo mediante el correo electr\u00f3nico antes se\u00f1alado.<\/p>\t\t\t\t\t\t\t\t<\/div>\n\t\t\t\t<\/div>\n\t\t\t\t\t<\/div>\n\t\t<\/div>\n\t\t\t\t\t<\/div>\n\t\t<\/section>\n\t\t\t\t<section class=\"ob-is-breaking-bad elementor-section elementor-top-section elementor-element elementor-element-1e5159ae elementor-section-boxed elementor-section-height-default elementor-section-height-default\" data-id=\"1e5159ae\" data-element_type=\"section\" data-e-type=\"section\" data-settings=\"{&quot;background_background&quot;:&quot;classic&quot;,&quot;_ob_bbad_use_it&quot;:&quot;yes&quot;,&quot;_ob_bbad_sssic_use&quot;:&quot;no&quot;,&quot;_ob_glider_is_slider&quot;:&quot;no&quot;}\">\n\t\t\t\t\t\t<div class=\"elementor-container elementor-column-gap-default\">\n\t\t\t\t\t<div class=\"elementor-column elementor-col-100 elementor-top-column elementor-element elementor-element-5f6ab834\" data-id=\"5f6ab834\" data-element_type=\"column\" data-e-type=\"column\" data-settings=\"{&quot;_ob_bbad_is_stalker&quot;:&quot;no&quot;,&quot;_ob_teleporter_use&quot;:false,&quot;_ob_column_hoveranimator&quot;:&quot;no&quot;,&quot;_ob_column_has_pseudo&quot;:&quot;no&quot;}\">\n\t\t\t<div class=\"elementor-widget-wrap elementor-element-populated\">\n\t\t\t\t\t\t<div class=\"elementor-element elementor-element-5075e75f ob-has-background-overlay elementor-widget elementor-widget-image\" data-id=\"5075e75f\" data-element_type=\"widget\" data-e-type=\"widget\" data-settings=\"{&quot;_ob_photomorph_use&quot;:&quot;no&quot;,&quot;_ob_perspektive_use&quot;:&quot;no&quot;,&quot;_ob_poopart_use&quot;:&quot;yes&quot;,&quot;_ob_shadough_use&quot;:&quot;no&quot;,&quot;_ob_allow_hoveranimator&quot;:&quot;no&quot;,&quot;_ob_widget_stalker_use&quot;:&quot;no&quot;}\" data-widget_type=\"image.default\">\n\t\t\t\t<div class=\"elementor-widget-container\">\n\t\t\t\t\t\t\t\t\t\t\t\t\t\t\t<img fetchpriority=\"high\" decoding=\"async\" width=\"1939\" height=\"494\" src=\"https:\/\/www.cantera-residencial.com\/lp\/wp-content\/uploads\/2022\/06\/CZA_BadgeFooter_LPs-2.svg\" class=\"attachment-full size-full wp-image-157\" alt=\"\" \/>\t\t\t\t\t\t\t\t\t\t\t\t\t\t\t<\/div>\n\t\t\t\t<\/div>\n\t\t\t\t<div class=\"elementor-element elementor-element-3c8b5572 ob-harakiri-inherit ob-has-background-overlay elementor-widget elementor-widget-text-editor\" data-id=\"3c8b5572\" data-element_type=\"widget\" data-e-type=\"widget\" data-settings=\"{&quot;_ob_use_harakiri&quot;:&quot;yes&quot;,&quot;_ob_harakiri_writing_mode&quot;:&quot;inherit&quot;,&quot;_ob_postman_use&quot;:&quot;no&quot;,&quot;_ob_perspektive_use&quot;:&quot;no&quot;,&quot;_ob_poopart_use&quot;:&quot;yes&quot;,&quot;_ob_shadough_use&quot;:&quot;no&quot;,&quot;_ob_allow_hoveranimator&quot;:&quot;no&quot;,&quot;_ob_widget_stalker_use&quot;:&quot;no&quot;}\" data-widget_type=\"text-editor.default\">\n\t\t\t\t<div class=\"elementor-widget-container\">\n\t\t\t\t\t\t\t\t\tLas im\u00e1genes son exclusivamente de car\u00e1cter ilustrativo. El proyecto arquitect\u00f3nico, las especificaciones, vol\u00famenes y dem\u00e1s particularidades contenidas en el presente documento podr\u00e1n modificarse, de conformidad con los ajustes que realice el desarrollador\/proveedor para el dise\u00f1o final.\t\t\t\t\t\t\t\t<\/div>\n\t\t\t\t<\/div>\n\t\t\t\t<div class=\"elementor-element elementor-element-7f1b2e00 ob-harakiri-inherit ob-has-background-overlay elementor-widget elementor-widget-text-editor\" data-id=\"7f1b2e00\" data-element_type=\"widget\" data-e-type=\"widget\" data-settings=\"{&quot;_ob_use_harakiri&quot;:&quot;yes&quot;,&quot;_ob_harakiri_writing_mode&quot;:&quot;inherit&quot;,&quot;_ob_postman_use&quot;:&quot;no&quot;,&quot;_ob_perspektive_use&quot;:&quot;no&quot;,&quot;_ob_poopart_use&quot;:&quot;yes&quot;,&quot;_ob_shadough_use&quot;:&quot;no&quot;,&quot;_ob_allow_hoveranimator&quot;:&quot;no&quot;,&quot;_ob_widget_stalker_use&quot;:&quot;no&quot;}\" data-widget_type=\"text-editor.default\">\n\t\t\t\t<div class=\"elementor-widget-container\">\n\t\t\t\t\t\t\t\t\tCopyright \u00a9 2023 Carza\t\t\t\t\t\t\t\t<\/div>\n\t\t\t\t<\/div>\n\t\t\t\t<div class=\"elementor-element elementor-element-24c17e2b ob-harakiri-inherit ob-has-background-overlay elementor-widget elementor-widget-text-editor\" data-id=\"24c17e2b\" data-element_type=\"widget\" data-e-type=\"widget\" data-settings=\"{&quot;_ob_use_harakiri&quot;:&quot;yes&quot;,&quot;_ob_harakiri_writing_mode&quot;:&quot;inherit&quot;,&quot;_ob_postman_use&quot;:&quot;no&quot;,&quot;_ob_perspektive_use&quot;:&quot;no&quot;,&quot;_ob_poopart_use&quot;:&quot;yes&quot;,&quot;_ob_shadough_use&quot;:&quot;no&quot;,&quot;_ob_allow_hoveranimator&quot;:&quot;no&quot;,&quot;_ob_widget_stalker_use&quot;:&quot;no&quot;}\" data-widget_type=\"text-editor.default\">\n\t\t\t\t<div class=\"elementor-widget-container\">\n\t\t\t\t\t\t\t\t\t<p><span style=\"color: #54595f;\"><a style=\"color: #54595f;\" href=\"\/lp\/terminos-de-uso\/\" target=\"_blank\" rel=\"noopener\">T\u00e9rminos de uso<\/a> | <a style=\"color: #54595f;\" href=\"\/lp\/aviso-de-privacidad\/\" target=\"_blank\" rel=\"noopener\">Aviso de privacidad<\/a><\/span><\/p>\t\t\t\t\t\t\t\t<\/div>\n\t\t\t\t<\/div>\n\t\t\t\t\t<\/div>\n\t\t<\/div>\n\t\t\t\t\t<\/div>\n\t\t<\/section>\n\t\t\t\t<\/div>\n\t\t","protected":false},"excerpt":{"rendered":"<p>Aviso de privacidad En cumplimiento a la Ley Federal de Protecci\u00f3n de Datos Personales en Posesi\u00f3n de los Particulares (en lo sucesivo la \u00abLEY\u00bb, as\u00ed como su Reglamento se emite el presente Aviso de Privacidad en los siguiente t\u00e9rminos: CARZA, S.A.P.I DE C.V., as\u00ed como sus empresas afiliadas y\/o subsidiarias (, la Responsable), establece como [&hellip;]<\/p>\n","protected":false},"author":1,"featured_media":0,"parent":0,"menu_order":0,"comment_status":"closed","ping_status":"closed","template":"elementor_canvas","meta":{"_joinchat":[],"footnotes":""},"class_list":["post-1003","page","type-page","status-publish","hentry"],"yoast_head":"<!-- This site is optimized with the Yoast SEO plugin v27.4 - https:\/\/yoast.com\/product\/yoast-seo-wordpress\/ -->\n<title>Aviso de Privacidad - Cantera Residencial | LP<\/title>\n<meta name=\"robots\" content=\"index, follow, max-snippet:-1, max-image-preview:large, max-video-preview:-1\" \/>\n<link rel=\"canonical\" href=\"https:\/\/www.cantera-residencial.com\/lp\/aviso-de-privacidad\/\" \/>\n<meta property=\"og:locale\" content=\"es_ES\" \/>\n<meta property=\"og:type\" content=\"article\" \/>\n<meta property=\"og:title\" content=\"Aviso de Privacidad - Cantera Residencial | LP\" \/>\n<meta property=\"og:description\" content=\"Aviso de privacidad En cumplimiento a la Ley Federal de Protecci\u00f3n de Datos Personales en Posesi\u00f3n de los Particulares (en lo sucesivo la \u00abLEY\u00bb, as\u00ed como su Reglamento se emite el presente Aviso de Privacidad en los siguiente t\u00e9rminos: CARZA, S.A.P.I DE C.V., as\u00ed como sus empresas afiliadas y\/o subsidiarias (, la Responsable), establece como [&hellip;]\" \/>\n<meta property=\"og:url\" content=\"https:\/\/www.cantera-residencial.com\/lp\/aviso-de-privacidad\/\" \/>\n<meta property=\"og:site_name\" content=\"Cantera Residencial | LP\" \/>\n<meta property=\"article:modified_time\" content=\"2023-07-21T15:58:33+00:00\" \/>\n<meta property=\"og:image\" content=\"https:\/\/www.cantera-residencial.com\/lp\/wp-content\/uploads\/2022\/06\/CZA_BadgeFooter_LPs-2.svg\" \/>\n<meta name=\"twitter:card\" content=\"summary_large_image\" \/>\n<meta name=\"twitter:label1\" content=\"Tiempo de lectura\" \/>\n\t<meta name=\"twitter:data1\" content=\"4 minutos\" \/>\n<script type=\"application\/ld+json\" class=\"yoast-schema-graph\">{\"@context\":\"https:\\\/\\\/schema.org\",\"@graph\":[{\"@type\":\"WebPage\",\"@id\":\"https:\\\/\\\/www.cantera-residencial.com\\\/lp\\\/aviso-de-privacidad\\\/\",\"url\":\"https:\\\/\\\/www.cantera-residencial.com\\\/lp\\\/aviso-de-privacidad\\\/\",\"name\":\"Aviso de Privacidad - Cantera Residencial | LP\",\"isPartOf\":{\"@id\":\"https:\\\/\\\/www.cantera-residencial.com\\\/lp\\\/#website\"},\"primaryImageOfPage\":{\"@id\":\"https:\\\/\\\/www.cantera-residencial.com\\\/lp\\\/aviso-de-privacidad\\\/#primaryimage\"},\"image\":{\"@id\":\"https:\\\/\\\/www.cantera-residencial.com\\\/lp\\\/aviso-de-privacidad\\\/#primaryimage\"},\"thumbnailUrl\":\"https:\\\/\\\/www.cantera-residencial.com\\\/lp\\\/wp-content\\\/uploads\\\/2022\\\/06\\\/CZA_BadgeFooter_LPs-2.svg\",\"datePublished\":\"2023-06-08T18:47:54+00:00\",\"dateModified\":\"2023-07-21T15:58:33+00:00\",\"breadcrumb\":{\"@id\":\"https:\\\/\\\/www.cantera-residencial.com\\\/lp\\\/aviso-de-privacidad\\\/#breadcrumb\"},\"inLanguage\":\"es\",\"potentialAction\":[{\"@type\":\"ReadAction\",\"target\":[\"https:\\\/\\\/www.cantera-residencial.com\\\/lp\\\/aviso-de-privacidad\\\/\"]}]},{\"@type\":\"ImageObject\",\"inLanguage\":\"es\",\"@id\":\"https:\\\/\\\/www.cantera-residencial.com\\\/lp\\\/aviso-de-privacidad\\\/#primaryimage\",\"url\":\"https:\\\/\\\/www.cantera-residencial.com\\\/lp\\\/wp-content\\\/uploads\\\/2022\\\/06\\\/CZA_BadgeFooter_LPs-2.svg\",\"contentUrl\":\"https:\\\/\\\/www.cantera-residencial.com\\\/lp\\\/wp-content\\\/uploads\\\/2022\\\/06\\\/CZA_BadgeFooter_LPs-2.svg\",\"width\":1939,\"height\":494},{\"@type\":\"BreadcrumbList\",\"@id\":\"https:\\\/\\\/www.cantera-residencial.com\\\/lp\\\/aviso-de-privacidad\\\/#breadcrumb\",\"itemListElement\":[{\"@type\":\"ListItem\",\"position\":1,\"name\":\"Portada\",\"item\":\"https:\\\/\\\/www.cantera-residencial.com\\\/lp\\\/\"},{\"@type\":\"ListItem\",\"position\":2,\"name\":\"Aviso de Privacidad\"}]},{\"@type\":\"WebSite\",\"@id\":\"https:\\\/\\\/www.cantera-residencial.com\\\/lp\\\/#website\",\"url\":\"https:\\\/\\\/www.cantera-residencial.com\\\/lp\\\/\",\"name\":\"Cantera Residencial | LP\",\"description\":\"Just another WordPress site\",\"potentialAction\":[{\"@type\":\"SearchAction\",\"target\":{\"@type\":\"EntryPoint\",\"urlTemplate\":\"https:\\\/\\\/www.cantera-residencial.com\\\/lp\\\/?s={search_term_string}\"},\"query-input\":{\"@type\":\"PropertyValueSpecification\",\"valueRequired\":true,\"valueName\":\"search_term_string\"}}],\"inLanguage\":\"es\"}]}<\/script>\n<!-- \/ Yoast SEO plugin. -->","yoast_head_json":{"title":"Aviso de Privacidad - Cantera Residencial | LP","robots":{"index":"index","follow":"follow","max-snippet":"max-snippet:-1","max-image-preview":"max-image-preview:large","max-video-preview":"max-video-preview:-1"},"canonical":"https:\/\/www.cantera-residencial.com\/lp\/aviso-de-privacidad\/","og_locale":"es_ES","og_type":"article","og_title":"Aviso de Privacidad - Cantera Residencial | LP","og_description":"Aviso de privacidad En cumplimiento a la Ley Federal de Protecci\u00f3n de Datos Personales en Posesi\u00f3n de los Particulares (en lo sucesivo la \u00abLEY\u00bb, as\u00ed como su Reglamento se emite el presente Aviso de Privacidad en los siguiente t\u00e9rminos: CARZA, S.A.P.I DE C.V., as\u00ed como sus empresas afiliadas y\/o subsidiarias (, la Responsable), establece como [&hellip;]","og_url":"https:\/\/www.cantera-residencial.com\/lp\/aviso-de-privacidad\/","og_site_name":"Cantera Residencial | LP","article_modified_time":"2023-07-21T15:58:33+00:00","og_image":[{"url":"https:\/\/www.cantera-residencial.com\/lp\/wp-content\/uploads\/2022\/06\/CZA_BadgeFooter_LPs-2.svg","type":"","width":"","height":""}],"twitter_card":"summary_large_image","twitter_misc":{"Tiempo de lectura":"4 minutos"},"schema":{"@context":"https:\/\/schema.org","@graph":[{"@type":"WebPage","@id":"https:\/\/www.cantera-residencial.com\/lp\/aviso-de-privacidad\/","url":"https:\/\/www.cantera-residencial.com\/lp\/aviso-de-privacidad\/","name":"Aviso de Privacidad - Cantera Residencial | LP","isPartOf":{"@id":"https:\/\/www.cantera-residencial.com\/lp\/#website"},"primaryImageOfPage":{"@id":"https:\/\/www.cantera-residencial.com\/lp\/aviso-de-privacidad\/#primaryimage"},"image":{"@id":"https:\/\/www.cantera-residencial.com\/lp\/aviso-de-privacidad\/#primaryimage"},"thumbnailUrl":"https:\/\/www.cantera-residencial.com\/lp\/wp-content\/uploads\/2022\/06\/CZA_BadgeFooter_LPs-2.svg","datePublished":"2023-06-08T18:47:54+00:00","dateModified":"2023-07-21T15:58:33+00:00","breadcrumb":{"@id":"https:\/\/www.cantera-residencial.com\/lp\/aviso-de-privacidad\/#breadcrumb"},"inLanguage":"es","potentialAction":[{"@type":"ReadAction","target":["https:\/\/www.cantera-residencial.com\/lp\/aviso-de-privacidad\/"]}]},{"@type":"ImageObject","inLanguage":"es","@id":"https:\/\/www.cantera-residencial.com\/lp\/aviso-de-privacidad\/#primaryimage","url":"https:\/\/www.cantera-residencial.com\/lp\/wp-content\/uploads\/2022\/06\/CZA_BadgeFooter_LPs-2.svg","contentUrl":"https:\/\/www.cantera-residencial.com\/lp\/wp-content\/uploads\/2022\/06\/CZA_BadgeFooter_LPs-2.svg","width":1939,"height":494},{"@type":"BreadcrumbList","@id":"https:\/\/www.cantera-residencial.com\/lp\/aviso-de-privacidad\/#breadcrumb","itemListElement":[{"@type":"ListItem","position":1,"name":"Portada","item":"https:\/\/www.cantera-residencial.com\/lp\/"},{"@type":"ListItem","position":2,"name":"Aviso de Privacidad"}]},{"@type":"WebSite","@id":"https:\/\/www.cantera-residencial.com\/lp\/#website","url":"https:\/\/www.cantera-residencial.com\/lp\/","name":"Cantera Residencial | LP","description":"Just another WordPress site","potentialAction":[{"@type":"SearchAction","target":{"@type":"EntryPoint","urlTemplate":"https:\/\/www.cantera-residencial.com\/lp\/?s={search_term_string}"},"query-input":{"@type":"PropertyValueSpecification","valueRequired":true,"valueName":"search_term_string"}}],"inLanguage":"es"}]}},"_links":{"self":[{"href":"https:\/\/www.cantera-residencial.com\/lp\/wp-json\/wp\/v2\/pages\/1003","targetHints":{"allow":["GET"]}}],"collection":[{"href":"https:\/\/www.cantera-residencial.com\/lp\/wp-json\/wp\/v2\/pages"}],"about":[{"href":"https:\/\/www.cantera-residencial.com\/lp\/wp-json\/wp\/v2\/types\/page"}],"author":[{"embeddable":true,"href":"https:\/\/www.cantera-residencial.com\/lp\/wp-json\/wp\/v2\/users\/1"}],"replies":[{"embeddable":true,"href":"https:\/\/www.cantera-residencial.com\/lp\/wp-json\/wp\/v2\/comments?post=1003"}],"version-history":[{"count":19,"href":"https:\/\/www.cantera-residencial.com\/lp\/wp-json\/wp\/v2\/pages\/1003\/revisions"}],"predecessor-version":[{"id":1514,"href":"https:\/\/www.cantera-residencial.com\/lp\/wp-json\/wp\/v2\/pages\/1003\/revisions\/1514"}],"wp:attachment":[{"href":"https:\/\/www.cantera-residencial.com\/lp\/wp-json\/wp\/v2\/media?parent=1003"}],"curies":[{"name":"wp","href":"https:\/\/api.w.org\/{rel}","templated":true}]}}