{"id":998,"date":"2023-06-08T12:46:10","date_gmt":"2023-06-08T18:46:10","guid":{"rendered":"https:\/\/www.cantera-residencial.com\/lp\/?page_id=998"},"modified":"2023-06-08T17:47:48","modified_gmt":"2023-06-08T23:47:48","slug":"terminos-de-uso","status":"publish","type":"page","link":"https:\/\/www.cantera-residencial.com\/lp\/terminos-de-uso\/","title":{"rendered":"T\u00e9rminos de uso"},"content":{"rendered":"\t\t<div data-elementor-type=\"wp-page\" data-elementor-id=\"998\" class=\"elementor elementor-998\" data-elementor-post-type=\"page\">\n\t\t\t\t\t\t<section class=\"ob-is-breaking-bad elementor-section elementor-top-section elementor-element elementor-element-9c3e046 elementor-section-boxed elementor-section-height-default elementor-section-height-default\" data-id=\"9c3e046\" data-element_type=\"section\" data-e-type=\"section\" data-settings=\"{&quot;_ob_bbad_use_it&quot;:&quot;yes&quot;,&quot;_ob_bbad_sssic_use&quot;:&quot;no&quot;,&quot;_ob_glider_is_slider&quot;:&quot;no&quot;}\">\n\t\t\t\t\t\t<div class=\"elementor-container elementor-column-gap-default\">\n\t\t\t\t\t<div class=\"elementor-column elementor-col-100 elementor-top-column elementor-element elementor-element-1e9b3d3\" data-id=\"1e9b3d3\" data-element_type=\"column\" data-e-type=\"column\" data-settings=\"{&quot;_ob_bbad_is_stalker&quot;:&quot;no&quot;,&quot;_ob_teleporter_use&quot;:false,&quot;_ob_column_hoveranimator&quot;:&quot;no&quot;,&quot;_ob_column_has_pseudo&quot;:&quot;no&quot;}\">\n\t\t\t<div class=\"elementor-widget-wrap elementor-element-populated\">\n\t\t\t\t\t\t<div class=\"elementor-element elementor-element-33b1f16 ob-harakiri-inherit ob-has-background-overlay elementor-widget elementor-widget-heading\" data-id=\"33b1f16\" data-element_type=\"widget\" data-e-type=\"widget\" data-settings=\"{&quot;_ob_use_harakiri&quot;:&quot;yes&quot;,&quot;_ob_harakiri_writing_mode&quot;:&quot;inherit&quot;,&quot;_ob_harakiri_text_clip&quot;:&quot;none&quot;,&quot;_ob_perspektive_use&quot;:&quot;no&quot;,&quot;_ob_poopart_use&quot;:&quot;yes&quot;,&quot;_ob_shadough_use&quot;:&quot;no&quot;,&quot;_ob_allow_hoveranimator&quot;:&quot;no&quot;,&quot;_ob_widget_stalker_use&quot;:&quot;no&quot;}\" data-widget_type=\"heading.default\">\n\t\t\t\t<div class=\"elementor-widget-container\">\n\t\t\t\t\t<h1 class=\"elementor-heading-title elementor-size-xl\">T\u00e9rminos de uso<\/h1>\t\t\t\t<\/div>\n\t\t\t\t<\/div>\n\t\t\t\t\t<\/div>\n\t\t<\/div>\n\t\t\t\t\t<\/div>\n\t\t<\/section>\n\t\t\t\t<section class=\"ob-is-breaking-bad elementor-section elementor-top-section elementor-element elementor-element-8ce745b elementor-section-boxed elementor-section-height-default elementor-section-height-default\" data-id=\"8ce745b\" data-element_type=\"section\" data-e-type=\"section\" data-settings=\"{&quot;_ob_bbad_use_it&quot;:&quot;yes&quot;,&quot;_ob_bbad_sssic_use&quot;:&quot;no&quot;,&quot;_ob_glider_is_slider&quot;:&quot;no&quot;}\">\n\t\t\t\t\t\t<div class=\"elementor-container elementor-column-gap-default\">\n\t\t\t\t\t<div class=\"elementor-column elementor-col-100 elementor-top-column elementor-element elementor-element-dd1b794\" data-id=\"dd1b794\" data-element_type=\"column\" data-e-type=\"column\" data-settings=\"{&quot;_ob_bbad_is_stalker&quot;:&quot;no&quot;,&quot;_ob_teleporter_use&quot;:false,&quot;_ob_column_hoveranimator&quot;:&quot;no&quot;,&quot;_ob_column_has_pseudo&quot;:&quot;no&quot;}\">\n\t\t\t<div class=\"elementor-widget-wrap elementor-element-populated\">\n\t\t\t\t\t\t<div class=\"elementor-element elementor-element-b58523c ob-harakiri-inherit ob-has-background-overlay elementor-widget elementor-widget-text-editor\" data-id=\"b58523c\" data-element_type=\"widget\" data-e-type=\"widget\" data-settings=\"{&quot;_ob_use_harakiri&quot;:&quot;yes&quot;,&quot;_ob_harakiri_writing_mode&quot;:&quot;inherit&quot;,&quot;_ob_postman_use&quot;:&quot;no&quot;,&quot;_ob_perspektive_use&quot;:&quot;no&quot;,&quot;_ob_poopart_use&quot;:&quot;yes&quot;,&quot;_ob_shadough_use&quot;:&quot;no&quot;,&quot;_ob_allow_hoveranimator&quot;:&quot;no&quot;,&quot;_ob_widget_stalker_use&quot;:&quot;no&quot;}\" data-widget_type=\"text-editor.default\">\n\t\t\t\t<div class=\"elementor-widget-container\">\n\t\t\t\t\t\t\t\t\t<p><span style=\"font-weight: 400;\">1.- El acceso y uso de este sitio web est\u00e1 sujeto a los siguientes t\u00e9rminos y condiciones y todas las leyes aplicables. Al acceder y navegar este sitio web, usted acepta, sin limitaci\u00f3n ni condici\u00f3n alguna, estos T\u00e9rminos y Condiciones y reconoce que cualquier otro acuerdo entre usted y Carza, S. A. P. I. de C. V. son revocados y sin vigencia ni efecto. Si usted no est\u00e1 de acuerdo y acepta, sin limitaci\u00f3n ni condici\u00f3n alguna, estos T\u00e9rminos y Condiciones, por favor salga de este sitio web.\u00a0<\/span><\/p><p><span style=\"font-weight: 400;\">2.- Esta p\u00e1gina web y todo su contenido, incluyendo pero no limitado a, texto, im\u00e1genes y gr\u00e1ficos (\u201cInformaci\u00f3n\u201d) son propiedad y propiedad de Carza, S. A. P. I. de C. V.\u00a0 o de otros con todos los derechos reservados a menos que se indique lo contrario. Cualquier informaci\u00f3n sobre este sitio web que es una marca registrada, logotipo o marca de servicio es una marca registrada y no registrada de Carza, S. A. P. I. de C. V. o de otros. El uso de cualquier informaci\u00f3n, salvo lo dispuesto en los presentes T\u00e9rminos y Condiciones, sin el permiso escrito del propietario de la informaci\u00f3n est\u00e1 estrictamente prohibido. Usted puede descargar, visualizar o imprimir la informaci\u00f3n de esta p\u00e1gina web \u00fanicamente para uso personal no comercial. Tambi\u00e9n se le informa que Carza, S. A. P. I. de C. V. har\u00e1 valer agresivamente sus derechos de propiedad intelectual a la medida m\u00e1xima permitida por la legislaci\u00f3n aplicable, incluyendo la b\u00fasqueda de un proceso penal.\u00a0<\/span><\/p><p><span style=\"font-weight: 400;\">3.- Usted debe conservar y reproducir todos y cada uno sobre derechos de autor u otros derechos de propiedad que constan en la Informaci\u00f3n que descarga. Usted no puede, sin embargo, distribuir, modificar, transmitir, reutilizar, reenviar o utilizar el contenido de este sitio web para prop\u00f3sitos p\u00fablicos o comerciales, incluyendo el texto, im\u00e1genes, audio y video, sin el permiso escrito de Carza, S. A. P. I. de C. V. Usted debe asumir que todo lo que vea y lea en este sitio web est\u00e1 registrado a menos que se indique lo contrario y no puede ser utilizado, salvo lo dispuesto en los presentes T\u00e9rminos y Condiciones o de otra manera en este sitio web sin el permiso escrito de Carza, S. A. P. I. de C. V. no garantiza ni asegura que el uso de la informaci\u00f3n mostrada en este sitio web no vulnere derechos de terceros no pertenecientes o afiliadas a Carza, S. A. P. I. de C. V.<\/span><\/p><p><span style=\"font-weight: 400;\">4.- Con la excepci\u00f3n de la anterior autorizaci\u00f3n limitada, ninguna licencia o derecho de cualquier derecho de autor de Carza, S. A. P. I. de C. V. o de cualquier otra parte ser\u00e1 otorgada o concedida a usted.\u00a0<\/span><\/p><p><span style=\"font-weight: 400;\">5.- Este sitio web puede contener o hacer referencia a marcas, patentes, propiedad de la informaci\u00f3n, tecnolog\u00edas, productos, procesos u otros derechos de propiedad de Carza, S. A. P. I. de C. V. sus filiales y \/ o de terceros. Ninguna licencia o derecho sobre tales marcas comerciales, patentes, secretos comerciales, tecnolog\u00edas, productos, procesos y otros derechos de propiedad de Carza, S. A. P. I. de C. V. sus filiales y \/ o de otras partes no se concede ni se confiere.\u00a0<\/span><\/p><p><span style=\"font-weight: 400;\">6.- Carza, S. A. P. I. de C. V. realiza esfuerzos razonables para incluir informaci\u00f3n precisa y actualizada en este sitio de los productos que ofrece para venta, Carza, S. A. P. I. de C. V. no garantiza ni hace declaraciones con respecto al contenido de la web, que se proporciona \u201ctal cual\u201d. En la medida de lo permitido por la ley, Carza, S. A. P. I. de C. V. no asume responsabilidad alguna de que surja de o relaci\u00f3n de alguna manera con el uso de este sitio web o su contenido. En particular, Carza, S. A. P. I. de C. V. no ser\u00e1 responsable por la exactitud, integridad, suficiencia, oportunidad, o amplitud de la informaci\u00f3n contenida en este sitio web. Carza, S. A. P. I. de C. V. no asume ninguna responsabilidad, y no ser\u00e1 responsable por ning\u00fan da\u00f1o o virus que puedan infectar su equipo inform\u00e1tico u otra propiedad como consecuencia de su acceso, uso o navegaci\u00f3n en el sitio web o su descarga de cualquier material, datos, texto, im\u00e1genes, v\u00eddeo o audio de este sitio web. Carza, S. A. P. I. de C. V. se reserva el derecho de interrumpir o suspender total o parcialmente de las funciones de este sitio web. Carza, S. A. P. I. de C. V. no aceptar\u00e1 responsabilidad alguna por cualquier interrupci\u00f3n o suspensi\u00f3n de cualquier o todas las funciones de este sitio web, independientemente de si este es el resultado de acciones u omisiones de Carza, S. A. P. I. de C. V.<\/span><\/p><p><span style=\"font-weight: 400;\">7.- Con sujeci\u00f3n a las disposiciones de la Pol\u00edtica de Privacidad de Carza, S. A. P. I. de C. V., cualquier comunicaci\u00f3n o material que usted transmita a este sitio web por correo electr\u00f3nico o de otro modo, incluyendo datos, preguntas, comentarios, sugerencias o similares es, y ser\u00e1 tratado como no confidencial. Cualquier cosa que usted transmita o publique se convierte en propiedad de Carza, S. A. P. I. de C. V. o sus afiliadas y puede ser utilizada para cualquier prop\u00f3sito, incluyendo pero no limitado a, la reproducci\u00f3n, divulgaci\u00f3n, transmisi\u00f3n, publicaci\u00f3n, emisi\u00f3n y colocaci\u00f3n. Adem\u00e1s, Carza, S. A. P. I. de C. V. es libre de usar cualquier idea, concepto, know-how, o t\u00e9cnicas contenidas en cualquier comunicaci\u00f3n que env\u00ede a este sitio para cualquier prop\u00f3sito, incluyendo pero no limitado a, desarrollo, fabricaci\u00f3n y comercializaci\u00f3n de productos utilizando dicha informaci\u00f3n.\u00a0<\/span><\/p><p><span style=\"font-weight: 400;\">8.- La Informaci\u00f3n podr\u00e1 contener inexactitudes t\u00e9cnicas o errores tipogr\u00e1ficos. Carza, S. A. P. I. de C. V. se reserva el derecho de hacer cambios, correcciones y \/ o mejoras en la Informaci\u00f3n, y para los productos y programas descritos en dicha informaci\u00f3n, en cualquier momento sin previo aviso.\u00a0<\/span><\/p><p><span style=\"font-weight: 400;\">9.- Carza, S. A. P. I. de C. V. podr\u00e1 en cualquier momento revisar estos T\u00e9rminos y Condiciones mediante la actualizaci\u00f3n de esta publicaci\u00f3n. Usted est\u00e1 obligado por tales revisiones y, por tanto, deber\u00e1 visitar peri\u00f3dicamente esta p\u00e1gina para revisar los T\u00e9rminos y Condiciones a los que est\u00e1 vinculado.<\/span><\/p>\t\t\t\t\t\t\t\t<\/div>\n\t\t\t\t<\/div>\n\t\t\t\t\t<\/div>\n\t\t<\/div>\n\t\t\t\t\t<\/div>\n\t\t<\/section>\n\t\t\t\t<section class=\"ob-is-breaking-bad elementor-section elementor-top-section elementor-element elementor-element-7b732f23 elementor-section-boxed elementor-section-height-default elementor-section-height-default\" data-id=\"7b732f23\" data-element_type=\"section\" data-e-type=\"section\" data-settings=\"{&quot;background_background&quot;:&quot;classic&quot;,&quot;_ob_bbad_use_it&quot;:&quot;yes&quot;,&quot;_ob_bbad_sssic_use&quot;:&quot;no&quot;,&quot;_ob_glider_is_slider&quot;:&quot;no&quot;}\">\n\t\t\t\t\t\t<div class=\"elementor-container elementor-column-gap-default\">\n\t\t\t\t\t<div class=\"elementor-column elementor-col-100 elementor-top-column elementor-element elementor-element-4efe9465\" data-id=\"4efe9465\" data-element_type=\"column\" data-e-type=\"column\" data-settings=\"{&quot;_ob_bbad_is_stalker&quot;:&quot;no&quot;,&quot;_ob_teleporter_use&quot;:false,&quot;_ob_column_hoveranimator&quot;:&quot;no&quot;,&quot;_ob_column_has_pseudo&quot;:&quot;no&quot;}\">\n\t\t\t<div class=\"elementor-widget-wrap elementor-element-populated\">\n\t\t\t\t\t\t<div class=\"elementor-element elementor-element-192d1bea ob-has-background-overlay elementor-widget elementor-widget-image\" data-id=\"192d1bea\" data-element_type=\"widget\" data-e-type=\"widget\" data-settings=\"{&quot;_ob_photomorph_use&quot;:&quot;no&quot;,&quot;_ob_perspektive_use&quot;:&quot;no&quot;,&quot;_ob_poopart_use&quot;:&quot;yes&quot;,&quot;_ob_shadough_use&quot;:&quot;no&quot;,&quot;_ob_allow_hoveranimator&quot;:&quot;no&quot;,&quot;_ob_widget_stalker_use&quot;:&quot;no&quot;}\" data-widget_type=\"image.default\">\n\t\t\t\t<div class=\"elementor-widget-container\">\n\t\t\t\t\t\t\t\t\t\t\t\t\t\t\t<img fetchpriority=\"high\" decoding=\"async\" width=\"1939\" height=\"494\" src=\"https:\/\/www.cantera-residencial.com\/lp\/wp-content\/uploads\/2022\/06\/CZA_BadgeFooter_LPs-2.svg\" class=\"attachment-full size-full wp-image-157\" alt=\"\" \/>\t\t\t\t\t\t\t\t\t\t\t\t\t\t\t<\/div>\n\t\t\t\t<\/div>\n\t\t\t\t<div class=\"elementor-element elementor-element-21d4424 ob-harakiri-inherit ob-has-background-overlay elementor-widget elementor-widget-text-editor\" data-id=\"21d4424\" data-element_type=\"widget\" data-e-type=\"widget\" data-settings=\"{&quot;_ob_use_harakiri&quot;:&quot;yes&quot;,&quot;_ob_harakiri_writing_mode&quot;:&quot;inherit&quot;,&quot;_ob_postman_use&quot;:&quot;no&quot;,&quot;_ob_perspektive_use&quot;:&quot;no&quot;,&quot;_ob_poopart_use&quot;:&quot;yes&quot;,&quot;_ob_shadough_use&quot;:&quot;no&quot;,&quot;_ob_allow_hoveranimator&quot;:&quot;no&quot;,&quot;_ob_widget_stalker_use&quot;:&quot;no&quot;}\" data-widget_type=\"text-editor.default\">\n\t\t\t\t<div class=\"elementor-widget-container\">\n\t\t\t\t\t\t\t\t\tLas im\u00e1genes son exclusivamente de car\u00e1cter ilustrativo. El proyecto arquitect\u00f3nico, las especificaciones, vol\u00famenes y dem\u00e1s particularidades contenidas en el presente documento podr\u00e1n modificarse, de conformidad con los ajustes que realice el desarrollador\/proveedor para el dise\u00f1o final.\t\t\t\t\t\t\t\t<\/div>\n\t\t\t\t<\/div>\n\t\t\t\t<div class=\"elementor-element elementor-element-3563ca05 ob-harakiri-inherit ob-has-background-overlay elementor-widget elementor-widget-text-editor\" data-id=\"3563ca05\" data-element_type=\"widget\" data-e-type=\"widget\" data-settings=\"{&quot;_ob_use_harakiri&quot;:&quot;yes&quot;,&quot;_ob_harakiri_writing_mode&quot;:&quot;inherit&quot;,&quot;_ob_postman_use&quot;:&quot;no&quot;,&quot;_ob_perspektive_use&quot;:&quot;no&quot;,&quot;_ob_poopart_use&quot;:&quot;yes&quot;,&quot;_ob_shadough_use&quot;:&quot;no&quot;,&quot;_ob_allow_hoveranimator&quot;:&quot;no&quot;,&quot;_ob_widget_stalker_use&quot;:&quot;no&quot;}\" data-widget_type=\"text-editor.default\">\n\t\t\t\t<div class=\"elementor-widget-container\">\n\t\t\t\t\t\t\t\t\tCopyright \u00a9 2023 Carza\t\t\t\t\t\t\t\t<\/div>\n\t\t\t\t<\/div>\n\t\t\t\t<div class=\"elementor-element elementor-element-6955084f ob-harakiri-inherit ob-has-background-overlay elementor-widget elementor-widget-text-editor\" data-id=\"6955084f\" data-element_type=\"widget\" data-e-type=\"widget\" data-settings=\"{&quot;_ob_use_harakiri&quot;:&quot;yes&quot;,&quot;_ob_harakiri_writing_mode&quot;:&quot;inherit&quot;,&quot;_ob_postman_use&quot;:&quot;no&quot;,&quot;_ob_perspektive_use&quot;:&quot;no&quot;,&quot;_ob_poopart_use&quot;:&quot;yes&quot;,&quot;_ob_shadough_use&quot;:&quot;no&quot;,&quot;_ob_allow_hoveranimator&quot;:&quot;no&quot;,&quot;_ob_widget_stalker_use&quot;:&quot;no&quot;}\" data-widget_type=\"text-editor.default\">\n\t\t\t\t<div class=\"elementor-widget-container\">\n\t\t\t\t\t\t\t\t\t<p><span style=\"color: #54595f;\"><a style=\"color: #54595f;\" href=\"\/lp\/terminos-de-uso\/\" target=\"_blank\" rel=\"noopener\">T\u00e9rminos de uso<\/a> | <a style=\"color: #54595f;\" href=\"\/lp\/aviso-de-privacidad\/\" target=\"_blank\" rel=\"noopener\">Aviso de privacidad<\/a><\/span><\/p>\t\t\t\t\t\t\t\t<\/div>\n\t\t\t\t<\/div>\n\t\t\t\t\t<\/div>\n\t\t<\/div>\n\t\t\t\t\t<\/div>\n\t\t<\/section>\n\t\t\t\t<\/div>\n\t\t","protected":false},"excerpt":{"rendered":"<p>T\u00e9rminos de uso 1.- El acceso y uso de este sitio web est\u00e1 sujeto a los siguientes t\u00e9rminos y condiciones y todas las leyes aplicables. Al acceder y navegar este sitio web, usted acepta, sin limitaci\u00f3n ni condici\u00f3n alguna, estos T\u00e9rminos y Condiciones y reconoce que cualquier otro acuerdo entre usted y Carza, S. A. [&hellip;]<\/p>\n","protected":false},"author":1,"featured_media":0,"parent":0,"menu_order":0,"comment_status":"closed","ping_status":"closed","template":"elementor_canvas","meta":{"_joinchat":[],"footnotes":""},"class_list":["post-998","page","type-page","status-publish","hentry"],"yoast_head":"<!-- This site is optimized with the Yoast SEO plugin v27.4 - https:\/\/yoast.com\/product\/yoast-seo-wordpress\/ -->\n<title>T\u00e9rminos de uso - Cantera Residencial | LP<\/title>\n<meta name=\"robots\" content=\"index, follow, max-snippet:-1, max-image-preview:large, max-video-preview:-1\" \/>\n<link rel=\"canonical\" href=\"https:\/\/www.cantera-residencial.com\/lp\/terminos-de-uso\/\" \/>\n<meta property=\"og:locale\" content=\"es_ES\" \/>\n<meta property=\"og:type\" content=\"article\" \/>\n<meta property=\"og:title\" content=\"T\u00e9rminos de uso - Cantera Residencial | LP\" \/>\n<meta property=\"og:description\" content=\"T\u00e9rminos de uso 1.- El acceso y uso de este sitio web est\u00e1 sujeto a los siguientes t\u00e9rminos y condiciones y todas las leyes aplicables. Al acceder y navegar este sitio web, usted acepta, sin limitaci\u00f3n ni condici\u00f3n alguna, estos T\u00e9rminos y Condiciones y reconoce que cualquier otro acuerdo entre usted y Carza, S. A. [&hellip;]\" \/>\n<meta property=\"og:url\" content=\"https:\/\/www.cantera-residencial.com\/lp\/terminos-de-uso\/\" \/>\n<meta property=\"og:site_name\" content=\"Cantera Residencial | LP\" \/>\n<meta property=\"article:modified_time\" content=\"2023-06-08T23:47:48+00:00\" \/>\n<meta property=\"og:image\" content=\"https:\/\/www.cantera-residencial.com\/lp\/wp-content\/uploads\/2022\/06\/CZA_BadgeFooter_LPs-2.svg\" \/>\n<meta name=\"twitter:card\" content=\"summary_large_image\" \/>\n<meta name=\"twitter:label1\" content=\"Tiempo de lectura\" \/>\n\t<meta name=\"twitter:data1\" content=\"6 minutos\" \/>\n<script type=\"application\/ld+json\" class=\"yoast-schema-graph\">{\"@context\":\"https:\\\/\\\/schema.org\",\"@graph\":[{\"@type\":\"WebPage\",\"@id\":\"https:\\\/\\\/www.cantera-residencial.com\\\/lp\\\/terminos-de-uso\\\/\",\"url\":\"https:\\\/\\\/www.cantera-residencial.com\\\/lp\\\/terminos-de-uso\\\/\",\"name\":\"T\u00e9rminos de uso - Cantera Residencial | LP\",\"isPartOf\":{\"@id\":\"https:\\\/\\\/www.cantera-residencial.com\\\/lp\\\/#website\"},\"primaryImageOfPage\":{\"@id\":\"https:\\\/\\\/www.cantera-residencial.com\\\/lp\\\/terminos-de-uso\\\/#primaryimage\"},\"image\":{\"@id\":\"https:\\\/\\\/www.cantera-residencial.com\\\/lp\\\/terminos-de-uso\\\/#primaryimage\"},\"thumbnailUrl\":\"https:\\\/\\\/www.cantera-residencial.com\\\/lp\\\/wp-content\\\/uploads\\\/2022\\\/06\\\/CZA_BadgeFooter_LPs-2.svg\",\"datePublished\":\"2023-06-08T18:46:10+00:00\",\"dateModified\":\"2023-06-08T23:47:48+00:00\",\"breadcrumb\":{\"@id\":\"https:\\\/\\\/www.cantera-residencial.com\\\/lp\\\/terminos-de-uso\\\/#breadcrumb\"},\"inLanguage\":\"es\",\"potentialAction\":[{\"@type\":\"ReadAction\",\"target\":[\"https:\\\/\\\/www.cantera-residencial.com\\\/lp\\\/terminos-de-uso\\\/\"]}]},{\"@type\":\"ImageObject\",\"inLanguage\":\"es\",\"@id\":\"https:\\\/\\\/www.cantera-residencial.com\\\/lp\\\/terminos-de-uso\\\/#primaryimage\",\"url\":\"https:\\\/\\\/www.cantera-residencial.com\\\/lp\\\/wp-content\\\/uploads\\\/2022\\\/06\\\/CZA_BadgeFooter_LPs-2.svg\",\"contentUrl\":\"https:\\\/\\\/www.cantera-residencial.com\\\/lp\\\/wp-content\\\/uploads\\\/2022\\\/06\\\/CZA_BadgeFooter_LPs-2.svg\",\"width\":1939,\"height\":494},{\"@type\":\"BreadcrumbList\",\"@id\":\"https:\\\/\\\/www.cantera-residencial.com\\\/lp\\\/terminos-de-uso\\\/#breadcrumb\",\"itemListElement\":[{\"@type\":\"ListItem\",\"position\":1,\"name\":\"Portada\",\"item\":\"https:\\\/\\\/www.cantera-residencial.com\\\/lp\\\/\"},{\"@type\":\"ListItem\",\"position\":2,\"name\":\"T\u00e9rminos de uso\"}]},{\"@type\":\"WebSite\",\"@id\":\"https:\\\/\\\/www.cantera-residencial.com\\\/lp\\\/#website\",\"url\":\"https:\\\/\\\/www.cantera-residencial.com\\\/lp\\\/\",\"name\":\"Cantera Residencial | LP\",\"description\":\"Just another WordPress site\",\"potentialAction\":[{\"@type\":\"SearchAction\",\"target\":{\"@type\":\"EntryPoint\",\"urlTemplate\":\"https:\\\/\\\/www.cantera-residencial.com\\\/lp\\\/?s={search_term_string}\"},\"query-input\":{\"@type\":\"PropertyValueSpecification\",\"valueRequired\":true,\"valueName\":\"search_term_string\"}}],\"inLanguage\":\"es\"}]}<\/script>\n<!-- \/ Yoast SEO plugin. -->","yoast_head_json":{"title":"T\u00e9rminos de uso - Cantera Residencial | LP","robots":{"index":"index","follow":"follow","max-snippet":"max-snippet:-1","max-image-preview":"max-image-preview:large","max-video-preview":"max-video-preview:-1"},"canonical":"https:\/\/www.cantera-residencial.com\/lp\/terminos-de-uso\/","og_locale":"es_ES","og_type":"article","og_title":"T\u00e9rminos de uso - Cantera Residencial | LP","og_description":"T\u00e9rminos de uso 1.- El acceso y uso de este sitio web est\u00e1 sujeto a los siguientes t\u00e9rminos y condiciones y todas las leyes aplicables. Al acceder y navegar este sitio web, usted acepta, sin limitaci\u00f3n ni condici\u00f3n alguna, estos T\u00e9rminos y Condiciones y reconoce que cualquier otro acuerdo entre usted y Carza, S. A. [&hellip;]","og_url":"https:\/\/www.cantera-residencial.com\/lp\/terminos-de-uso\/","og_site_name":"Cantera Residencial | LP","article_modified_time":"2023-06-08T23:47:48+00:00","og_image":[{"url":"https:\/\/www.cantera-residencial.com\/lp\/wp-content\/uploads\/2022\/06\/CZA_BadgeFooter_LPs-2.svg","type":"","width":"","height":""}],"twitter_card":"summary_large_image","twitter_misc":{"Tiempo de lectura":"6 minutos"},"schema":{"@context":"https:\/\/schema.org","@graph":[{"@type":"WebPage","@id":"https:\/\/www.cantera-residencial.com\/lp\/terminos-de-uso\/","url":"https:\/\/www.cantera-residencial.com\/lp\/terminos-de-uso\/","name":"T\u00e9rminos de uso - Cantera Residencial | LP","isPartOf":{"@id":"https:\/\/www.cantera-residencial.com\/lp\/#website"},"primaryImageOfPage":{"@id":"https:\/\/www.cantera-residencial.com\/lp\/terminos-de-uso\/#primaryimage"},"image":{"@id":"https:\/\/www.cantera-residencial.com\/lp\/terminos-de-uso\/#primaryimage"},"thumbnailUrl":"https:\/\/www.cantera-residencial.com\/lp\/wp-content\/uploads\/2022\/06\/CZA_BadgeFooter_LPs-2.svg","datePublished":"2023-06-08T18:46:10+00:00","dateModified":"2023-06-08T23:47:48+00:00","breadcrumb":{"@id":"https:\/\/www.cantera-residencial.com\/lp\/terminos-de-uso\/#breadcrumb"},"inLanguage":"es","potentialAction":[{"@type":"ReadAction","target":["https:\/\/www.cantera-residencial.com\/lp\/terminos-de-uso\/"]}]},{"@type":"ImageObject","inLanguage":"es","@id":"https:\/\/www.cantera-residencial.com\/lp\/terminos-de-uso\/#primaryimage","url":"https:\/\/www.cantera-residencial.com\/lp\/wp-content\/uploads\/2022\/06\/CZA_BadgeFooter_LPs-2.svg","contentUrl":"https:\/\/www.cantera-residencial.com\/lp\/wp-content\/uploads\/2022\/06\/CZA_BadgeFooter_LPs-2.svg","width":1939,"height":494},{"@type":"BreadcrumbList","@id":"https:\/\/www.cantera-residencial.com\/lp\/terminos-de-uso\/#breadcrumb","itemListElement":[{"@type":"ListItem","position":1,"name":"Portada","item":"https:\/\/www.cantera-residencial.com\/lp\/"},{"@type":"ListItem","position":2,"name":"T\u00e9rminos de uso"}]},{"@type":"WebSite","@id":"https:\/\/www.cantera-residencial.com\/lp\/#website","url":"https:\/\/www.cantera-residencial.com\/lp\/","name":"Cantera Residencial | LP","description":"Just another WordPress site","potentialAction":[{"@type":"SearchAction","target":{"@type":"EntryPoint","urlTemplate":"https:\/\/www.cantera-residencial.com\/lp\/?s={search_term_string}"},"query-input":{"@type":"PropertyValueSpecification","valueRequired":true,"valueName":"search_term_string"}}],"inLanguage":"es"}]}},"_links":{"self":[{"href":"https:\/\/www.cantera-residencial.com\/lp\/wp-json\/wp\/v2\/pages\/998","targetHints":{"allow":["GET"]}}],"collection":[{"href":"https:\/\/www.cantera-residencial.com\/lp\/wp-json\/wp\/v2\/pages"}],"about":[{"href":"https:\/\/www.cantera-residencial.com\/lp\/wp-json\/wp\/v2\/types\/page"}],"author":[{"embeddable":true,"href":"https:\/\/www.cantera-residencial.com\/lp\/wp-json\/wp\/v2\/users\/1"}],"replies":[{"embeddable":true,"href":"https:\/\/www.cantera-residencial.com\/lp\/wp-json\/wp\/v2\/comments?post=998"}],"version-history":[{"count":14,"href":"https:\/\/www.cantera-residencial.com\/lp\/wp-json\/wp\/v2\/pages\/998\/revisions"}],"predecessor-version":[{"id":1223,"href":"https:\/\/www.cantera-residencial.com\/lp\/wp-json\/wp\/v2\/pages\/998\/revisions\/1223"}],"wp:attachment":[{"href":"https:\/\/www.cantera-residencial.com\/lp\/wp-json\/wp\/v2\/media?parent=998"}],"curies":[{"name":"wp","href":"https:\/\/api.w.org\/{rel}","templated":true}]}}